{"id":12,"date":"2015-11-20T10:05:42","date_gmt":"2015-11-20T08:05:42","guid":{"rendered":"http:\/\/dass.sav.sk\/en\/?page_id=12"},"modified":"2016-02-13T11:26:35","modified_gmt":"2016-02-13T10:26:35","slug":"how-to-cite","status":"publish","type":"page","link":"https:\/\/dass.sav.sk\/en\/how-to-cite\/","title":{"rendered":"How to cite"},"content":{"rendered":"<p>The database was originally published in Preslia and it is available as Open Access <b><a href=\"http:\/\/www.preslia.cz\/P122Medvecka.pdf\">here<\/a><\/b>. Please, cite the database as follows:<\/p>\n<p>Medveck\u00e1 J., Kliment J., M\u00e1jekov\u00e1 J., Halada \u013d., Zaliberov\u00e1 M., Gojdi\u010dov\u00e1 E., Fer\u00e1kov\u00e1 V. &amp; Jarol\u00edmek I. (2012): Inventory of the alien flora of Slovakia. \u2013 Preslia 84: 257\u2013309.<\/p>\n","protected":false},"excerpt":{"rendered":"<p>The database was originally published in Preslia and it is available as Open Access here. Please, cite the database as follows: Medveck\u00e1 J., Kliment J.,&#8230;<span class=\"excerpt_more\"><a href=\"https:\/\/dass.sav.sk\/en\/how-to-cite\/\">read more &raquo;<\/a><\/span><\/p>\n","protected":false},"author":1,"featured_media":0,"parent":0,"menu_order":40,"comment_status":"closed","ping_status":"closed","template":"","meta":[],"_links":{"self":[{"href":"https:\/\/dass.sav.sk\/en\/wp-json\/wp\/v2\/pages\/12"}],"collection":[{"href":"https:\/\/dass.sav.sk\/en\/wp-json\/wp\/v2\/pages"}],"about":[{"href":"https:\/\/dass.sav.sk\/en\/wp-json\/wp\/v2\/types\/page"}],"author":[{"embeddable":true,"href":"https:\/\/dass.sav.sk\/en\/wp-json\/wp\/v2\/users\/1"}],"replies":[{"embeddable":true,"href":"https:\/\/dass.sav.sk\/en\/wp-json\/wp\/v2\/comments?post=12"}],"version-history":[{"count":4,"href":"https:\/\/dass.sav.sk\/en\/wp-json\/wp\/v2\/pages\/12\/revisions"}],"predecessor-version":[{"id":79,"href":"https:\/\/dass.sav.sk\/en\/wp-json\/wp\/v2\/pages\/12\/revisions\/79"}],"wp:attachment":[{"href":"https:\/\/dass.sav.sk\/en\/wp-json\/wp\/v2\/media?parent=12"}],"curies":[{"name":"wp","href":"https:\/\/api.w.org\/{rel}","templated":true}]}}